{"id":857,"date":"2025-01-01T12:00:44","date_gmt":"2025-01-01T12:00:44","guid":{"rendered":"https:\/\/horizonservicesseniors.ca\/resources\/"},"modified":"2025-05-01T01:15:52","modified_gmt":"2025-05-01T01:15:52","slug":"resources","status":"publish","type":"page","link":"https:\/\/horizonservicesseniors.ca\/en\/resources\/","title":{"rendered":"Resources"},"content":{"rendered":"\t\t<div data-elementor-type=\"wp-page\" data-elementor-id=\"857\" class=\"elementor elementor-857 elementor-45\" data-elementor-post-type=\"page\">\n\t\t\t\t<div class=\"elementor-element elementor-element-4f979b9 e-con-full e-flex e-con e-parent\" data-id=\"4f979b9\" data-element_type=\"container\" data-e-type=\"container\" data-settings=\"{&quot;background_background&quot;:&quot;classic&quot;}\">\n\t\t<div class=\"elementor-element elementor-element-f5e8950 e-con-full e-flex elementor-invisible e-con e-child\" data-id=\"f5e8950\" data-element_type=\"container\" data-e-type=\"container\" data-settings=\"{&quot;background_background&quot;:&quot;classic&quot;,&quot;animation&quot;:&quot;fadeIn&quot;}\">\n\t\t\t\t<div class=\"elementor-element elementor-element-77dd759 elementor-icon-list--layout-inline elementor-align-start elementor-list-item-link-full_width elementor-invisible elementor-widget elementor-widget-icon-list\" data-id=\"77dd759\" data-element_type=\"widget\" data-e-type=\"widget\" data-settings=\"{&quot;_animation&quot;:&quot;fadeIn&quot;,&quot;_animation_delay&quot;:200}\" data-widget_type=\"icon-list.default\">\n\t\t\t\t<div class=\"elementor-widget-container\">\n\t\t\t\t\t\t\t<ul class=\"elementor-icon-list-items elementor-inline-items\">\n\t\t\t\t\t\t\t<li class=\"elementor-icon-list-item elementor-inline-item\">\n\t\t\t\t\t\t\t\t\t\t\t<a href=\"https:\/\/horizonservicesseniors.ca\/en\/\">\n\n\t\t\t\t\t\t\t\t\t\t\t<span class=\"elementor-icon-list-text\">Home<\/span>\n\t\t\t\t\t\t\t\t\t\t\t<\/a>\n\t\t\t\t\t\t\t\t\t<\/li>\n\t\t\t\t\t\t\t\t<li class=\"elementor-icon-list-item elementor-inline-item\">\n\t\t\t\t\t\t\t\t\t\t\t<a href=\"https:\/\/horizonservicesseniors.ca\/en\/resources\/\">\n\n\t\t\t\t\t\t\t\t\t\t\t\t<span class=\"elementor-icon-list-icon\">\n\t\t\t\t\t\t\t<i aria-hidden=\"true\" class=\"icon icon-right-arrow\"><\/i>\t\t\t\t\t\t<\/span>\n\t\t\t\t\t\t\t\t\t\t<span class=\"elementor-icon-list-text\">Resources<\/span>\n\t\t\t\t\t\t\t\t\t\t\t<\/a>\n\t\t\t\t\t\t\t\t\t<\/li>\n\t\t\t\t\t\t<\/ul>\n\t\t\t\t\t\t<\/div>\n\t\t\t\t<\/div>\n\t\t\t\t<div class=\"elementor-element elementor-element-2c2ca35 elementor-invisible elementor-widget elementor-widget-heading\" data-id=\"2c2ca35\" data-element_type=\"widget\" data-e-type=\"widget\" data-settings=\"{&quot;_animation&quot;:&quot;fadeIn&quot;}\" data-widget_type=\"heading.default\">\n\t\t\t\t<div class=\"elementor-widget-container\">\n\t\t\t\t\t<h2 class=\"elementor-heading-title elementor-size-default\">Resources<\/h2>\t\t\t\t<\/div>\n\t\t\t\t<\/div>\n\t\t\t\t<div class=\"elementor-element elementor-element-040b06b elementor-invisible elementor-widget elementor-widget-text-editor\" data-id=\"040b06b\" data-element_type=\"widget\" data-e-type=\"widget\" data-settings=\"{&quot;_animation&quot;:&quot;fadeIn&quot;,&quot;_animation_delay&quot;:400}\" data-widget_type=\"text-editor.default\">\n\t\t\t\t<div class=\"elementor-widget-container\">\n\t\t\t\t\t\t\t\t\t<p class=\"p2\">At Horizon Services Senior, our mission is to support families in their search for, and transition to, a seniors&#8217; residence, with a respectful, compassionate and expert approach.<\/p>\t\t\t\t\t\t\t\t<\/div>\n\t\t\t\t<\/div>\n\t\t\t\t<\/div>\n\t\t\t\t<\/div>\n\t\t<div class=\"elementor-element elementor-element-32e2993 e-flex e-con-boxed e-con e-parent\" data-id=\"32e2993\" data-element_type=\"container\" data-e-type=\"container\" data-settings=\"{&quot;background_background&quot;:&quot;classic&quot;}\">\n\t\t\t\t\t<div class=\"e-con-inner\">\n\t\t<div class=\"elementor-element elementor-element-598951f e-con-full e-flex e-con e-child\" data-id=\"598951f\" data-element_type=\"container\" data-e-type=\"container\">\n\t\t\t\t<div class=\"elementor-element elementor-element-ba5d4d3 elementor-widget__width-inherit elementor-invisible elementor-widget elementor-widget-heading\" data-id=\"ba5d4d3\" data-element_type=\"widget\" data-e-type=\"widget\" data-settings=\"{&quot;_animation&quot;:&quot;fadeIn&quot;,&quot;_animation_delay&quot;:200}\" data-widget_type=\"heading.default\">\n\t\t\t\t<div class=\"elementor-widget-container\">\n\t\t\t\t\t<p class=\"elementor-heading-title elementor-size-default\">Resources to guide you with peace of mind<\/p>\t\t\t\t<\/div>\n\t\t\t\t<\/div>\n\t\t\t\t<\/div>\n\t\t\t\t<div class=\"elementor-element elementor-element-634deec elementor-grid-1 elementor-grid-tablet-2 elementor-grid-mobile-1 elementor-widget elementor-widget-loop-grid\" data-id=\"634deec\" data-element_type=\"widget\" data-e-type=\"widget\" data-settings=\"{&quot;template_id&quot;:876,&quot;columns&quot;:1,&quot;_skin&quot;:&quot;post&quot;,&quot;columns_tablet&quot;:&quot;2&quot;,&quot;columns_mobile&quot;:&quot;1&quot;,&quot;edit_handle_selector&quot;:&quot;[data-elementor-type=\\&quot;loop-item\\&quot;]&quot;,&quot;row_gap&quot;:{&quot;unit&quot;:&quot;px&quot;,&quot;size&quot;:&quot;&quot;,&quot;sizes&quot;:[]},&quot;row_gap_laptop&quot;:{&quot;unit&quot;:&quot;px&quot;,&quot;size&quot;:&quot;&quot;,&quot;sizes&quot;:[]},&quot;row_gap_tablet_extra&quot;:{&quot;unit&quot;:&quot;px&quot;,&quot;size&quot;:&quot;&quot;,&quot;sizes&quot;:[]},&quot;row_gap_tablet&quot;:{&quot;unit&quot;:&quot;px&quot;,&quot;size&quot;:&quot;&quot;,&quot;sizes&quot;:[]},&quot;row_gap_mobile_extra&quot;:{&quot;unit&quot;:&quot;px&quot;,&quot;size&quot;:&quot;&quot;,&quot;sizes&quot;:[]},&quot;row_gap_mobile&quot;:{&quot;unit&quot;:&quot;px&quot;,&quot;size&quot;:&quot;&quot;,&quot;sizes&quot;:[]}}\" data-widget_type=\"loop-grid.post\">\n\t\t\t\t<div class=\"elementor-widget-container\">\n\t\t\t\t\t\t\t<div class=\"elementor-loop-container elementor-grid\" role=\"list\">\n\t\t<style id=\"loop-876\">.elementor-876 .elementor-element.elementor-element-ac7f7f2{--display:flex;--flex-direction:column;--container-widget-width:calc( ( 1 - var( --container-widget-flex-grow ) ) * 100% );--container-widget-height:initial;--container-widget-flex-grow:0;--container-widget-align-self:initial;--flex-wrap-mobile:wrap;--justify-content:flex-start;--align-items:flex-start;--flex-wrap:nowrap;border-style:solid;--border-style:solid;border-width:0px 0px 1px 0px;--border-top-width:0px;--border-right-width:0px;--border-bottom-width:1px;--border-left-width:0px;border-color:var( --e-global-color-accent );--border-color:var( --e-global-color-accent );--padding-top:0px;--padding-bottom:30px;--padding-left:0px;--padding-right:0px;}.elementor-876 .elementor-element.elementor-element-0af52b0{text-align:start;font-family:var( --e-global-typography-a839d65-font-family ), Sans-serif;font-size:var( --e-global-typography-a839d65-font-size );font-weight:var( --e-global-typography-a839d65-font-weight );text-transform:var( --e-global-typography-a839d65-text-transform );font-style:var( --e-global-typography-a839d65-font-style );text-decoration:var( --e-global-typography-a839d65-text-decoration );line-height:var( --e-global-typography-a839d65-line-height );letter-spacing:var( --e-global-typography-a839d65-letter-spacing );word-spacing:var( --e-global-typography-a839d65-word-spacing );color:var( --e-global-color-e286ef2 );}.elementor-876 .elementor-element.elementor-element-0af52b0 > .elementor-widget-container{margin:0px 0px 0px 0px;}.elementor-876 .elementor-element.elementor-element-5c65ecc{text-align:start;color:var( --e-global-color-e286ef2 );width:100%;max-width:100%;}.elementor-876 .elementor-element.elementor-element-5c65ecc > .elementor-widget-container{margin:0px 0px 0px 0px;}@media(max-width:1366px){.elementor-876 .elementor-element.elementor-element-0af52b0{font-size:var( --e-global-typography-a839d65-font-size );line-height:var( --e-global-typography-a839d65-line-height );letter-spacing:var( --e-global-typography-a839d65-letter-spacing );word-spacing:var( --e-global-typography-a839d65-word-spacing );}}@media(max-width:1024px){.elementor-876 .elementor-element.elementor-element-0af52b0{font-size:var( --e-global-typography-a839d65-font-size );line-height:var( --e-global-typography-a839d65-line-height );letter-spacing:var( --e-global-typography-a839d65-letter-spacing );word-spacing:var( --e-global-typography-a839d65-word-spacing );}}@media(max-width:880px){.elementor-876 .elementor-element.elementor-element-ac7f7f2{--flex-direction:row;--container-widget-width:calc( ( 1 - var( --container-widget-flex-grow ) ) * 100% );--container-widget-height:100%;--container-widget-flex-grow:1;--container-widget-align-self:stretch;--flex-wrap-mobile:wrap;--align-items:flex-start;}}@media(max-width:767px){.elementor-876 .elementor-element.elementor-element-ac7f7f2{--flex-direction:column;--container-widget-width:calc( ( 1 - var( --container-widget-flex-grow ) ) * 100% );--container-widget-height:initial;--container-widget-flex-grow:0;--container-widget-align-self:initial;--flex-wrap-mobile:wrap;--justify-content:flex-start;--align-items:flex-start;--gap:30px 30px;--row-gap:30px;--column-gap:30px;}.elementor-876 .elementor-element.elementor-element-0af52b0{font-size:var( --e-global-typography-a839d65-font-size );line-height:var( --e-global-typography-a839d65-line-height );letter-spacing:var( --e-global-typography-a839d65-letter-spacing );word-spacing:var( --e-global-typography-a839d65-word-spacing );}}\/* Start custom CSS for text-editor, class: .elementor-element-5c65ecc *\/.elementor-876 .elementor-element.elementor-element-5c65ecc a {\n    color: #fff;\n    transition: all 0.3s ease;\n}\n\n.elementor-876 .elementor-element.elementor-element-5c65ecc a:hover {\n    opacity: 0.5;\n}\/* End custom CSS *\/<\/style>\t\t<div data-elementor-type=\"loop-item\" data-elementor-id=\"876\" class=\"elementor elementor-876 elementor-657 elementor-657 e-loop-item e-loop-item-643 post-643 ressource type-ressource status-publish hentry\" data-elementor-post-type=\"elementor_library\" data-custom-edit-handle=\"1\">\n\t\t\t<div class=\"elementor-element elementor-element-ac7f7f2 e-con-full e-flex elementor-invisible e-con e-child\" data-id=\"ac7f7f2\" data-element_type=\"container\" data-e-type=\"container\" data-settings=\"{&quot;animation&quot;:&quot;fadeIn&quot;}\">\n\t\t\t\t<div class=\"elementor-element elementor-element-0af52b0 elementor-widget elementor-widget-text-editor\" data-id=\"0af52b0\" data-element_type=\"widget\" data-e-type=\"widget\" data-widget_type=\"text-editor.default\">\n\t\t\t\t<div class=\"elementor-widget-container\">\n\t\t\t\t\t\t\t\t\tCr\u00e9dit de maintien \u00e0 domicile des a\u00een\u00e9s (Revenu Qu\u00e9bec)\t\t\t\t\t\t\t\t<\/div>\n\t\t\t\t<\/div>\n\t\t\t\t<div class=\"elementor-element elementor-element-5c65ecc elementor-widget__width-inherit elementor-widget elementor-widget-text-editor\" data-id=\"5c65ecc\" data-element_type=\"widget\" data-e-type=\"widget\" data-widget_type=\"text-editor.default\">\n\t\t\t\t<div class=\"elementor-widget-container\">\n\t\t\t\t\t\t\t\t\t<ul><li><a href=\"https:\/\/jardinsdemontarville.ca\/wp-content\/uploads\/2013\/05\/Demande-Versements-anticip%C3%A9s.pdf\" target=\"_blank\">Demande de versements anticip\u00e9s<\/a><\/li><\/ul>\t\t\t\t\t\t\t\t<\/div>\n\t\t\t\t<\/div>\n\t\t\t\t<\/div>\n\t\t\t\t<\/div>\n\t\t\t\t<div data-elementor-type=\"loop-item\" data-elementor-id=\"876\" class=\"elementor elementor-876 elementor-657 elementor-657 e-loop-item e-loop-item-644 post-644 ressource type-ressource status-publish hentry\" data-elementor-post-type=\"elementor_library\" data-custom-edit-handle=\"1\">\n\t\t\t<div class=\"elementor-element elementor-element-ac7f7f2 e-con-full e-flex elementor-invisible e-con e-child\" data-id=\"ac7f7f2\" data-element_type=\"container\" data-e-type=\"container\" data-settings=\"{&quot;animation&quot;:&quot;fadeIn&quot;}\">\n\t\t\t\t<div class=\"elementor-element elementor-element-0af52b0 elementor-widget elementor-widget-text-editor\" data-id=\"0af52b0\" data-element_type=\"widget\" data-e-type=\"widget\" data-widget_type=\"text-editor.default\">\n\t\t\t\t<div class=\"elementor-widget-container\">\n\t\t\t\t\t\t\t\t\tCertificat pour le cr\u00e9dit d\u2019imp\u00f4t pour personnes handicap\u00e9es\t\t\t\t\t\t\t\t<\/div>\n\t\t\t\t<\/div>\n\t\t\t\t<div class=\"elementor-element elementor-element-5c65ecc elementor-widget__width-inherit elementor-widget elementor-widget-text-editor\" data-id=\"5c65ecc\" data-element_type=\"widget\" data-e-type=\"widget\" data-widget_type=\"text-editor.default\">\n\t\t\t\t<div class=\"elementor-widget-container\">\n\t\t\t\t\t\t\t\t\t<ul><li><a href=\"https:\/\/www.canada.ca\/content\/dam\/cra-arc\/formspubs\/pbg\/t2201\/t2201-23f.pdf\" target=\"_blank\">Formulaire T2201<\/a><\/li><\/ul>\t\t\t\t\t\t\t\t<\/div>\n\t\t\t\t<\/div>\n\t\t\t\t<\/div>\n\t\t\t\t<\/div>\n\t\t\t\t<div data-elementor-type=\"loop-item\" data-elementor-id=\"876\" class=\"elementor elementor-876 elementor-657 elementor-657 e-loop-item e-loop-item-645 post-645 ressource type-ressource status-publish hentry\" data-elementor-post-type=\"elementor_library\" data-custom-edit-handle=\"1\">\n\t\t\t<div class=\"elementor-element elementor-element-ac7f7f2 e-con-full e-flex elementor-invisible e-con e-child\" data-id=\"ac7f7f2\" data-element_type=\"container\" data-e-type=\"container\" data-settings=\"{&quot;animation&quot;:&quot;fadeIn&quot;}\">\n\t\t\t\t<div class=\"elementor-element elementor-element-0af52b0 elementor-widget elementor-widget-text-editor\" data-id=\"0af52b0\" data-element_type=\"widget\" data-e-type=\"widget\" data-widget_type=\"text-editor.default\">\n\t\t\t\t<div class=\"elementor-widget-container\">\n\t\t\t\t\t\t\t\t\tAttestation de statut de personne non autonome (Revenu Qu\u00e9bec)\t\t\t\t\t\t\t\t<\/div>\n\t\t\t\t<\/div>\n\t\t\t\t<div class=\"elementor-element elementor-element-5c65ecc elementor-widget__width-inherit elementor-widget elementor-widget-text-editor\" data-id=\"5c65ecc\" data-element_type=\"widget\" data-e-type=\"widget\" data-widget_type=\"text-editor.default\">\n\t\t\t\t<div class=\"elementor-widget-container\">\n\t\t\t\t\t\t\t\t\t<ul><li><a href=\"https:\/\/www.revenuquebec.ca\/documents\/fr\/formulaires\/tpz\/TPZ-1029.MD.A%282021-01%29.pdf\" target=\"_blank\">Formulaire TPZ-1029.MD.A<\/a><\/li><\/ul>\t\t\t\t\t\t\t\t<\/div>\n\t\t\t\t<\/div>\n\t\t\t\t<\/div>\n\t\t\t\t<\/div>\n\t\t\t\t<div data-elementor-type=\"loop-item\" data-elementor-id=\"876\" class=\"elementor elementor-876 elementor-657 elementor-657 e-loop-item e-loop-item-646 post-646 ressource type-ressource status-publish hentry\" data-elementor-post-type=\"elementor_library\" data-custom-edit-handle=\"1\">\n\t\t\t<div class=\"elementor-element elementor-element-ac7f7f2 e-con-full e-flex elementor-invisible e-con e-child\" data-id=\"ac7f7f2\" data-element_type=\"container\" data-e-type=\"container\" data-settings=\"{&quot;animation&quot;:&quot;fadeIn&quot;}\">\n\t\t\t\t<div class=\"elementor-element elementor-element-0af52b0 elementor-widget elementor-widget-text-editor\" data-id=\"0af52b0\" data-element_type=\"widget\" data-e-type=\"widget\" data-widget_type=\"text-editor.default\">\n\t\t\t\t<div class=\"elementor-widget-container\">\n\t\t\t\t\t\t\t\t\tProgramme d\u2019allocation logement (Revenu Qu\u00e9bec)\t\t\t\t\t\t\t\t<\/div>\n\t\t\t\t<\/div>\n\t\t\t\t<div class=\"elementor-element elementor-element-5c65ecc elementor-widget__width-inherit elementor-widget elementor-widget-text-editor\" data-id=\"5c65ecc\" data-element_type=\"widget\" data-e-type=\"widget\" data-widget_type=\"text-editor.default\">\n\t\t\t\t<div class=\"elementor-widget-container\">\n\t\t\t\t\t\t\t\t\t<ul><li><a href=\"https:\/\/www.revenuquebec.ca\/documents\/fr\/formulaires\/lex\/LEX-165%282024-06%29.pdf\" target=\"_blank\">Formulaire LEX-165<\/a><\/li><\/ul>\t\t\t\t\t\t\t\t<\/div>\n\t\t\t\t<\/div>\n\t\t\t\t<\/div>\n\t\t\t\t<\/div>\n\t\t\t\t<div data-elementor-type=\"loop-item\" data-elementor-id=\"876\" class=\"elementor elementor-876 elementor-657 elementor-657 e-loop-item e-loop-item-647 post-647 ressource type-ressource status-publish hentry\" data-elementor-post-type=\"elementor_library\" data-custom-edit-handle=\"1\">\n\t\t\t<div class=\"elementor-element elementor-element-ac7f7f2 e-con-full e-flex elementor-invisible e-con e-child\" data-id=\"ac7f7f2\" data-element_type=\"container\" data-e-type=\"container\" data-settings=\"{&quot;animation&quot;:&quot;fadeIn&quot;}\">\n\t\t\t\t<div class=\"elementor-element elementor-element-0af52b0 elementor-widget elementor-widget-text-editor\" data-id=\"0af52b0\" data-element_type=\"widget\" data-e-type=\"widget\" data-widget_type=\"text-editor.default\">\n\t\t\t\t<div class=\"elementor-widget-container\">\n\t\t\t\t\t\t\t\t\tAutorisation \u00e0 la communication des renseignements ou procuration (Revenu Qu\u00e9bec)\t\t\t\t\t\t\t\t<\/div>\n\t\t\t\t<\/div>\n\t\t\t\t<div class=\"elementor-element elementor-element-5c65ecc elementor-widget__width-inherit elementor-widget elementor-widget-text-editor\" data-id=\"5c65ecc\" data-element_type=\"widget\" data-e-type=\"widget\" data-widget_type=\"text-editor.default\">\n\t\t\t\t<div class=\"elementor-widget-container\">\n\t\t\t\t\t\t\t\t\t<ul><li><a href=\"https:\/\/www.revenuquebec.ca\/fr\/services-en-ligne\/formulaires-et-publications\/details-courant\/mr-69\/\" target=\"_blank\">Formulaire MR-69<\/a><\/li><\/ul>\t\t\t\t\t\t\t\t<\/div>\n\t\t\t\t<\/div>\n\t\t\t\t<\/div>\n\t\t\t\t<\/div>\n\t\t\t\t<div data-elementor-type=\"loop-item\" data-elementor-id=\"876\" class=\"elementor elementor-876 elementor-657 elementor-657 e-loop-item e-loop-item-648 post-648 ressource type-ressource status-publish hentry\" data-elementor-post-type=\"elementor_library\" data-custom-edit-handle=\"1\">\n\t\t\t<div class=\"elementor-element elementor-element-ac7f7f2 e-con-full e-flex elementor-invisible e-con e-child\" data-id=\"ac7f7f2\" data-element_type=\"container\" data-e-type=\"container\" data-settings=\"{&quot;animation&quot;:&quot;fadeIn&quot;}\">\n\t\t\t\t<div class=\"elementor-element elementor-element-0af52b0 elementor-widget elementor-widget-text-editor\" data-id=\"0af52b0\" data-element_type=\"widget\" data-e-type=\"widget\" data-widget_type=\"text-editor.default\">\n\t\t\t\t<div class=\"elementor-widget-container\">\n\t\t\t\t\t\t\t\t\tTribunal administratif du logement\t\t\t\t\t\t\t\t<\/div>\n\t\t\t\t<\/div>\n\t\t\t\t<div class=\"elementor-element elementor-element-5c65ecc elementor-widget__width-inherit elementor-widget elementor-widget-text-editor\" data-id=\"5c65ecc\" data-element_type=\"widget\" data-e-type=\"widget\" data-widget_type=\"text-editor.default\">\n\t\t\t\t<div class=\"elementor-widget-container\">\n\t\t\t\t\t\t\t\t\t<ul><li><a href=\"https:\/\/www.tal.gouv.qc.ca\/sites\/default\/files\/Guide_RPA_Fr.pdf\" target=\"_blank\">Signer un bail dans une r\u00e9sidence pour a\u00een\u00e9s<\/a><\/li><li><a href=\"https:\/\/www.tal.gouv.qc.ca\/sites\/default\/files\/notices\/TAL_813_E.pdf\" target=\"_blank\">Avis de r\u00e9siliation du bail suite \u00e0 l\u2019admission du locataire dans un CHSLD ou une r\u00e9sidence priv\u00e9e pour a\u00een\u00e9s<\/a><\/li><\/ul>\t\t\t\t\t\t\t\t<\/div>\n\t\t\t\t<\/div>\n\t\t\t\t<\/div>\n\t\t\t\t<\/div>\n\t\t\t\t<\/div>\n\t\t\n\t\t\t\t\t\t<\/div>\n\t\t\t\t<\/div>\n\t\t\t\t\t<\/div>\n\t\t\t\t<\/div>\n\t\t\t\t<\/div>\n\t\t","protected":false},"excerpt":{"rendered":"<p>Home At Horizon Services Senior, our mission is to support families in their search for, and transition to, a seniors&#8217; residence, with a respectful, compassionate and expert approach. Resources to guide you with peace of mind<\/p>\n","protected":false},"author":1,"featured_media":0,"parent":0,"menu_order":0,"comment_status":"closed","ping_status":"closed","template":"","meta":{"_acf_changed":false,"om_disable_all_campaigns":false,"_monsterinsights_skip_tracking":false,"_monsterinsights_sitenote_active":false,"_monsterinsights_sitenote_note":"","_monsterinsights_sitenote_category":0,"footnotes":""},"class_list":["post-857","page","type-page","status-publish","hentry"],"acf":[],"aioseo_notices":[],"_links":{"self":[{"href":"https:\/\/horizonservicesseniors.ca\/en\/wp-json\/wp\/v2\/pages\/857","targetHints":{"allow":["GET"]}}],"collection":[{"href":"https:\/\/horizonservicesseniors.ca\/en\/wp-json\/wp\/v2\/pages"}],"about":[{"href":"https:\/\/horizonservicesseniors.ca\/en\/wp-json\/wp\/v2\/types\/page"}],"author":[{"embeddable":true,"href":"https:\/\/horizonservicesseniors.ca\/en\/wp-json\/wp\/v2\/users\/1"}],"replies":[{"embeddable":true,"href":"https:\/\/horizonservicesseniors.ca\/en\/wp-json\/wp\/v2\/comments?post=857"}],"version-history":[{"count":1,"href":"https:\/\/horizonservicesseniors.ca\/en\/wp-json\/wp\/v2\/pages\/857\/revisions"}],"predecessor-version":[{"id":859,"href":"https:\/\/horizonservicesseniors.ca\/en\/wp-json\/wp\/v2\/pages\/857\/revisions\/859"}],"wp:attachment":[{"href":"https:\/\/horizonservicesseniors.ca\/en\/wp-json\/wp\/v2\/media?parent=857"}],"curies":[{"name":"wp","href":"https:\/\/api.w.org\/{rel}","templated":true}]}}